{"id":1051,"date":"2019-01-30T15:23:40","date_gmt":"2019-01-30T15:23:40","guid":{"rendered":"https:\/\/zidex.modeltheme.com\/?page_id=1051"},"modified":"2022-02-02T07:01:47","modified_gmt":"2022-02-02T06:01:47","slug":"home-car-factory","status":"publish","type":"page","link":"https:\/\/www.fanitech.com\/eng\/","title":{"rendered":"Home"},"content":{"rendered":"<p>[vc_row][vc_column][vc_separator css=&#8221;.vc_custom_1633667158674{padding-top: 20px !important;padding-bottom: 20px !important;}&#8221;][\/vc_column][\/vc_row][vc_row][vc_column width=&#8221;1\/2&#8243;][vc_column_text]<a href=\"https:\/\/www.fanitech.com\/eng\/preventivo-online\/\"><img loading=\"lazy\" class=\"alignnone size-full wp-image-2356\" src=\"https:\/\/www.fanitech.com\/eng\/wp-content\/uploads\/sites\/2\/2022\/02\/richiesta_preventivo.png\" alt=\"\" width=\"1100\" height=\"734\" srcset=\"https:\/\/www.fanitech.com\/eng\/wp-content\/uploads\/sites\/2\/2022\/02\/richiesta_preventivo.png 1100w, https:\/\/www.fanitech.com\/eng\/wp-content\/uploads\/sites\/2\/2022\/02\/richiesta_preventivo-300x200.png 300w, https:\/\/www.fanitech.com\/eng\/wp-content\/uploads\/sites\/2\/2022\/02\/richiesta_preventivo-1024x683.png 1024w, https:\/\/www.fanitech.com\/eng\/wp-content\/uploads\/sites\/2\/2022\/02\/richiesta_preventivo-768x512.png 768w\" sizes=\"(max-width: 1100px) 100vw, 1100px\" \/><\/a>[\/vc_column_text][\/vc_column][vc_column width=&#8221;1\/2&#8243;][vc_column_text]<\/p>\n<h2>ONLINE ESTIMATE<\/h2>\n<p>Request your personalized estimation through a simple form for guided data entry.<br \/>\nThe system is <strong>simple<\/strong>, <strong>fast<\/strong> and <strong>safe<\/strong>[\/vc_column_text][vc_btn title=&#8221;GET AN ESTIMATE&#8221; color=&#8221;primary&#8221; align=&#8221;left&#8221; i_icon_fontawesome=&#8221;fas fa-angle-right&#8221; add_icon=&#8221;true&#8221; link=&#8221;url:https%3A%2F%2Fwww.fanitech.com%2Feng%2Fpreventivo-online%2F&#8221;][\/vc_column][\/vc_row][vc_row][vc_column][vc_column_text]<\/p>\n<h2>Our Products<\/h2>\n<p>[\/vc_column_text][vc_row_inner][vc_column_inner width=&#8221;1\/4&#8243;][vc_column_text]<\/p>\n<h3 style=\"text-align: center;\">DOORS<\/h3>\n<p><a href=\"https:\/\/www.fanitech.com\/eng\/produzione\/porte\/\"><img loading=\"lazy\" class=\"aligncenter wp-image-2164 size-medium\" src=\"https:\/\/www.fanitech.com\/2021\/eng\/wp-content\/uploads\/sites\/2\/2021\/10\/P5240080-1-300x169.jpg\" alt=\"\" width=\"300\" height=\"169\" srcset=\"https:\/\/www.fanitech.com\/eng\/wp-content\/uploads\/sites\/2\/2021\/10\/P5240080-1-300x169.jpg 300w, https:\/\/www.fanitech.com\/eng\/wp-content\/uploads\/sites\/2\/2021\/10\/P5240080-1-1024x577.jpg 1024w, https:\/\/www.fanitech.com\/eng\/wp-content\/uploads\/sites\/2\/2021\/10\/P5240080-1-768x433.jpg 768w, https:\/\/www.fanitech.com\/eng\/wp-content\/uploads\/sites\/2\/2021\/10\/P5240080-1.jpg 1100w\" sizes=\"(max-width: 300px) 100vw, 300px\" \/><\/a>[\/vc_column_text][\/vc_column_inner][vc_column_inner width=&#8221;1\/4&#8243;][vc_column_text]<\/p>\n<h3 style=\"text-align: center;\">PORTHOLES<\/h3>\n<p><a href=\"https:\/\/www.fanitech.com\/eng\/produzione\/oblo\/\"><img loading=\"lazy\" class=\"size-medium wp-image-2189 aligncenter\" src=\"https:\/\/www.fanitech.com\/2021\/eng\/wp-content\/uploads\/sites\/2\/2021\/10\/P5240013-1-1-300x169.jpg\" alt=\"\" width=\"300\" height=\"169\" srcset=\"https:\/\/www.fanitech.com\/eng\/wp-content\/uploads\/sites\/2\/2021\/10\/P5240013-1-1-300x169.jpg 300w, https:\/\/www.fanitech.com\/eng\/wp-content\/uploads\/sites\/2\/2021\/10\/P5240013-1-1-1024x577.jpg 1024w, https:\/\/www.fanitech.com\/eng\/wp-content\/uploads\/sites\/2\/2021\/10\/P5240013-1-1-768x433.jpg 768w, https:\/\/www.fanitech.com\/eng\/wp-content\/uploads\/sites\/2\/2021\/10\/P5240013-1-1.jpg 1100w\" sizes=\"(max-width: 300px) 100vw, 300px\" \/><\/a>[\/vc_column_text][\/vc_column_inner][vc_column_inner width=&#8221;1\/4&#8243;][vc_column_text]<\/p>\n<h3 style=\"text-align: center;\">FRAMES<\/h3>\n<p><a href=\"https:\/\/www.fanitech.com\/eng\/produzione\/telai\/\"><img loading=\"lazy\" class=\"size-medium wp-image-2199 aligncenter\" src=\"https:\/\/www.fanitech.com\/2021\/eng\/wp-content\/uploads\/sites\/2\/2021\/10\/P5240032-1-1-300x169.jpg\" alt=\"\" width=\"300\" height=\"169\" srcset=\"https:\/\/www.fanitech.com\/eng\/wp-content\/uploads\/sites\/2\/2021\/10\/P5240032-1-1-300x169.jpg 300w, https:\/\/www.fanitech.com\/eng\/wp-content\/uploads\/sites\/2\/2021\/10\/P5240032-1-1-1024x577.jpg 1024w, https:\/\/www.fanitech.com\/eng\/wp-content\/uploads\/sites\/2\/2021\/10\/P5240032-1-1-768x433.jpg 768w, https:\/\/www.fanitech.com\/eng\/wp-content\/uploads\/sites\/2\/2021\/10\/P5240032-1-1.jpg 1100w\" sizes=\"(max-width: 300px) 100vw, 300px\" \/><\/a>[\/vc_column_text][\/vc_column_inner][vc_column_inner width=&#8221;1\/4&#8243;][vc_column_text]<\/p>\n<h3 style=\"text-align: center;\">ACCESSORIES<\/h3>\n<p><a href=\"https:\/\/www.fanitech.com\/eng\/produzione\/accessori\/\"><img loading=\"lazy\" class=\"size-medium wp-image-2205 aligncenter\" src=\"https:\/\/www.fanitech.com\/2021\/eng\/wp-content\/uploads\/sites\/2\/2021\/10\/P5240050-1-300x169.jpg\" alt=\"\" width=\"300\" height=\"169\" srcset=\"https:\/\/www.fanitech.com\/eng\/wp-content\/uploads\/sites\/2\/2021\/10\/P5240050-1-300x169.jpg 300w, https:\/\/www.fanitech.com\/eng\/wp-content\/uploads\/sites\/2\/2021\/10\/P5240050-1-1024x577.jpg 1024w, https:\/\/www.fanitech.com\/eng\/wp-content\/uploads\/sites\/2\/2021\/10\/P5240050-1-768x433.jpg 768w, https:\/\/www.fanitech.com\/eng\/wp-content\/uploads\/sites\/2\/2021\/10\/P5240050-1.jpg 1100w\" sizes=\"(max-width: 300px) 100vw, 300px\" \/><\/a>[\/vc_column_text][\/vc_column_inner][\/vc_row_inner][\/vc_column][\/vc_row][vc_row][vc_column][vc_column_text]<\/p>\n<h2 style=\"text-align: center;\">BLOG<\/h2>\n<p>[\/vc_column_text][vc_basic_grid post_type=&#8221;post&#8221; max_items=&#8221;3&#8243; style=&#8221;load-more&#8221; items_per_page=&#8221;3&#8243; item=&#8221;basicGrid_ScaleInWithRotation&#8221; btn_style=&#8221;modern&#8221; btn_color=&#8221;default&#8221; btn_size=&#8221;xs&#8221; grid_id=&#8221;vc_gid:1643781655077-8dba0767-9542-1&#8243; css=&#8221;.vc_custom_1635239987871{margin-top: 10px !important;margin-right: 10px !important;margin-bottom: 10px !important;margin-left: 10px !important;}&#8221;][vc_separator css=&#8221;.vc_custom_1633667158674{padding-top: 20px !important;padding-bottom: 20px !important;}&#8221;][vc_column_text]<\/p>\n<h2 style=\"text-align: center;\">Testimonials<\/h2>\n<p>[\/vc_column_text]<div class=\"vc_row\"><div class=\"wow  testimonials-shortcode-v1 testimonials-container-1  owl-carousel owl-theme\">\n                \t<div class=\"item vc_col-md-12 relative\">\n\t                \t<div class=\"testimonial01_item\">\n                          <div class=\"testimonail01-content\"><p>ditta seria e professionale, titolare molto disponibile e consegne del materiale rapide<\/p>\n<\/div>\n                          <div class=\"testimonial01-img-holder pull-left col-md-6 col-xs-6\">\n                              <div class=\"testimonial01-img\"><img src=\"http:\/\/placehold.it\/150x150\" alt=\"Giulia - 2M Service srl\" \/><\/div>\n                          <\/div>\n                          <div class=\"testimonail01-title col-md-6 col-xs-6\"> \n                             <h2 class=\"name-test\">Giulia - 2M Service srl<\/h2>\n                             <span class=\"testimonial-position\"><\/span> <span class=\"testimonial-company\">2M Service srl - info@2mservicesrl.it<\/span>\n                          <\/div>\n\n\t\t                    <\/div>\n\t                <\/div>\n                \t<div class=\"item vc_col-md-12 relative\">\n\t                \t<div class=\"testimonial01_item\">\n                          <div class=\"testimonail01-content\"><p>Ci serviamo da diversi anni per l\u2019acquisto di obl\u00f2 da montare sul tetto dei nostri veicoli. I prodotto sono sempre stati di ottima qualit\u00e0, consegnati nei tempi previsti e non abbiamo mai avuto problemi.<\/p>\n<\/div>\n                          <div class=\"testimonial01-img-holder pull-left col-md-6 col-xs-6\">\n                              <div class=\"testimonial01-img\"><img src=\"http:\/\/placehold.it\/150x150\" alt=\"Carrozzeria Luca Carlo\" \/><\/div>\n                          <\/div>\n                          <div class=\"testimonail01-title col-md-6 col-xs-6\"> \n                             <h2 class=\"name-test\">Carrozzeria Luca Carlo<\/h2>\n                             <span class=\"testimonial-position\"><\/span> <span class=\"testimonial-company\">Carrozzeria Luca Carlo - carloluc@carloluc.com<\/span>\n                          <\/div>\n\n\t\t                    <\/div>\n\t                <\/div>\n                \t<div class=\"item vc_col-md-12 relative\">\n\t                \t<div class=\"testimonial01_item\">\n                          <div class=\"testimonail01-content\"><p>Una collaborazione indispensabile grazie alla quale riusciamo da parte nostra a soddisfare in pieno le nostre esigenze per la realizzazione di prodotti su misura. Massima disponibilit\u00e0, puntualit\u00e0 e seriet\u00e0 solo altre componenti non trascurabili.<\/p>\n<\/div>\n                          <div class=\"testimonial01-img-holder pull-left col-md-6 col-xs-6\">\n                              <div class=\"testimonial01-img\"><img src=\"http:\/\/placehold.it\/150x150\" alt=\"Stefano Feci\" \/><\/div>\n                          <\/div>\n                          <div class=\"testimonail01-title col-md-6 col-xs-6\"> \n                             <h2 class=\"name-test\">Stefano Feci<\/h2>\n                             <span class=\"testimonial-position\"><\/span> <span class=\"testimonial-company\">Modulidea - info@modulidea.it<\/span>\n                          <\/div>\n\n\t\t                    <\/div>\n\t                <\/div><\/div><\/div>[\/vc_column][\/vc_row]<\/p>\n","protected":false},"excerpt":{"rendered":"<p>[vc_row][vc_column][vc_separator css=&#8221;.vc_custom_1633667158674{padding-top: 20px !important;padding-bottom: 20px !important;}&#8221;][\/vc_column][\/vc_row][vc_row][vc_column width=&#8221;1\/2&#8243;][vc_column_text][\/vc_column_text][\/vc_column][vc_column width=&#8221;1\/2&#8243;][vc_column_text] ONLINE ESTIMATE Request your personalized estimation through a simple form for guided data entry. The system is simple, fast and safe[\/vc_column_text][vc_btn title=&#8221;GET AN ESTIMATE&#8221; color=&#8221;primary&#8221; align=&#8221;left&#8221; i_icon_fontawesome=&#8221;fas fa-angle-right&#8221; add_icon=&#8221;true&#8221; link=&#8221;url:https%3A%2F%2Fwww.fanitech.com%2Feng%2Fpreventivo-online%2F&#8221;][\/vc_column][\/vc_row][vc_row][vc_column][vc_column_text] Our Products [\/vc_column_text][vc_row_inner][vc_column_inner width=&#8221;1\/4&#8243;][vc_column_text] DOORS [\/vc_column_text][\/vc_column_inner][vc_column_inner width=&#8221;1\/4&#8243;][vc_column_text] PORTHOLES [\/vc_column_text][\/vc_column_inner][vc_column_inner width=&#8221;1\/4&#8243;][vc_column_text] FRAMES [\/vc_column_text][\/vc_column_inner][vc_column_inner width=&#8221;1\/4&#8243;][vc_column_text] ACCESSORIES [\/vc_column_text][\/vc_column_inner][\/vc_row_inner][\/vc_column][\/vc_row][vc_row][vc_column][vc_column_text] BLOG [\/vc_column_text][vc_basic_grid [&hellip;]<\/p>\n","protected":false},"author":1,"featured_media":0,"parent":0,"menu_order":0,"comment_status":"closed","ping_status":"closed","template":"","meta":[],"yoast_head":"<!-- This site is optimized with the Yoast SEO plugin v18.0 - https:\/\/yoast.com\/wordpress\/plugins\/seo\/ -->\n<title>doors for camper and motorhomes<\/title>\n<meta name=\"description\" content=\"FA.NI.TECH DOORS TECHNOLOGIES FOR AUTOMOTIVE S.R.L. produces in italy doors and windows for camper and motorhomes\" \/>\n<meta name=\"robots\" content=\"index, follow, max-snippet:-1, max-image-preview:large, max-video-preview:-1\" \/>\n<link rel=\"canonical\" href=\"https:\/\/www.fanitech.com\/eng\/\" \/>\n<meta property=\"og:locale\" content=\"en_US\" \/>\n<meta property=\"og:type\" content=\"article\" \/>\n<meta property=\"og:title\" content=\"doors for camper and motorhomes\" \/>\n<meta property=\"og:description\" content=\"FA.NI.TECH DOORS TECHNOLOGIES FOR AUTOMOTIVE S.R.L. produces in italy doors and windows for camper and motorhomes\" \/>\n<meta property=\"og:url\" content=\"https:\/\/www.fanitech.com\/eng\/\" \/>\n<meta property=\"og:site_name\" content=\"Fa.ni.tech English\" \/>\n<meta property=\"article:modified_time\" content=\"2022-02-02T06:01:47+00:00\" \/>\n<meta property=\"og:image\" content=\"https:\/\/www.fanitech.com\/eng\/wp-content\/uploads\/sites\/2\/2022\/02\/richiesta_preventivo.png\" \/>\n<meta name=\"twitter:card\" content=\"summary_large_image\" \/>\n<meta name=\"twitter:label1\" content=\"Est. reading time\" \/>\n\t<meta name=\"twitter:data1\" content=\"2 minutes\" \/>\n<script type=\"application\/ld+json\" class=\"yoast-schema-graph\">{\"@context\":\"https:\/\/schema.org\",\"@graph\":[{\"@type\":\"WebSite\",\"@id\":\"https:\/\/www.fanitech.com\/eng\/#website\",\"url\":\"https:\/\/www.fanitech.com\/eng\/\",\"name\":\"Fa.ni.tech English\",\"description\":\"doors technologies for automotive\",\"potentialAction\":[{\"@type\":\"SearchAction\",\"target\":{\"@type\":\"EntryPoint\",\"urlTemplate\":\"https:\/\/www.fanitech.com\/eng\/?s={search_term_string}\"},\"query-input\":\"required name=search_term_string\"}],\"inLanguage\":\"en-US\"},{\"@type\":\"ImageObject\",\"@id\":\"https:\/\/www.fanitech.com\/eng\/#primaryimage\",\"inLanguage\":\"en-US\",\"url\":\"https:\/\/www.fanitech.com\/eng\/wp-content\/uploads\/sites\/2\/2022\/02\/richiesta_preventivo.png\",\"contentUrl\":\"https:\/\/www.fanitech.com\/eng\/wp-content\/uploads\/sites\/2\/2022\/02\/richiesta_preventivo.png\",\"width\":1100,\"height\":734},{\"@type\":\"WebPage\",\"@id\":\"https:\/\/www.fanitech.com\/eng\/#webpage\",\"url\":\"https:\/\/www.fanitech.com\/eng\/\",\"name\":\"doors for camper and motorhomes\",\"isPartOf\":{\"@id\":\"https:\/\/www.fanitech.com\/eng\/#website\"},\"primaryImageOfPage\":{\"@id\":\"https:\/\/www.fanitech.com\/eng\/#primaryimage\"},\"datePublished\":\"2019-01-30T15:23:40+00:00\",\"dateModified\":\"2022-02-02T06:01:47+00:00\",\"description\":\"FA.NI.TECH DOORS TECHNOLOGIES FOR AUTOMOTIVE S.R.L. produces in italy doors and windows for camper and motorhomes\",\"breadcrumb\":{\"@id\":\"https:\/\/www.fanitech.com\/eng\/#breadcrumb\"},\"inLanguage\":\"en-US\",\"potentialAction\":[{\"@type\":\"ReadAction\",\"target\":[\"https:\/\/www.fanitech.com\/eng\/\"]}]},{\"@type\":\"BreadcrumbList\",\"@id\":\"https:\/\/www.fanitech.com\/eng\/#breadcrumb\",\"itemListElement\":[{\"@type\":\"ListItem\",\"position\":1,\"name\":\"Home\",\"item\":\"https:\/\/www.fanitech.com\/eng\/\"},{\"@type\":\"ListItem\",\"position\":2,\"name\":\"Home\"}]}]}<\/script>\n<!-- \/ Yoast SEO plugin. -->","yoast_head_json":{"title":"doors for camper and motorhomes","description":"FA.NI.TECH DOORS TECHNOLOGIES FOR AUTOMOTIVE S.R.L. produces in italy doors and windows for camper and motorhomes","robots":{"index":"index","follow":"follow","max-snippet":"max-snippet:-1","max-image-preview":"max-image-preview:large","max-video-preview":"max-video-preview:-1"},"canonical":"https:\/\/www.fanitech.com\/eng\/","og_locale":"en_US","og_type":"article","og_title":"doors for camper and motorhomes","og_description":"FA.NI.TECH DOORS TECHNOLOGIES FOR AUTOMOTIVE S.R.L. produces in italy doors and windows for camper and motorhomes","og_url":"https:\/\/www.fanitech.com\/eng\/","og_site_name":"Fa.ni.tech English","article_modified_time":"2022-02-02T06:01:47+00:00","og_image":[{"url":"https:\/\/www.fanitech.com\/eng\/wp-content\/uploads\/sites\/2\/2022\/02\/richiesta_preventivo.png"}],"twitter_card":"summary_large_image","twitter_misc":{"Est. reading time":"2 minutes"},"schema":{"@context":"https:\/\/schema.org","@graph":[{"@type":"WebSite","@id":"https:\/\/www.fanitech.com\/eng\/#website","url":"https:\/\/www.fanitech.com\/eng\/","name":"Fa.ni.tech English","description":"doors technologies for automotive","potentialAction":[{"@type":"SearchAction","target":{"@type":"EntryPoint","urlTemplate":"https:\/\/www.fanitech.com\/eng\/?s={search_term_string}"},"query-input":"required name=search_term_string"}],"inLanguage":"en-US"},{"@type":"ImageObject","@id":"https:\/\/www.fanitech.com\/eng\/#primaryimage","inLanguage":"en-US","url":"https:\/\/www.fanitech.com\/eng\/wp-content\/uploads\/sites\/2\/2022\/02\/richiesta_preventivo.png","contentUrl":"https:\/\/www.fanitech.com\/eng\/wp-content\/uploads\/sites\/2\/2022\/02\/richiesta_preventivo.png","width":1100,"height":734},{"@type":"WebPage","@id":"https:\/\/www.fanitech.com\/eng\/#webpage","url":"https:\/\/www.fanitech.com\/eng\/","name":"doors for camper and motorhomes","isPartOf":{"@id":"https:\/\/www.fanitech.com\/eng\/#website"},"primaryImageOfPage":{"@id":"https:\/\/www.fanitech.com\/eng\/#primaryimage"},"datePublished":"2019-01-30T15:23:40+00:00","dateModified":"2022-02-02T06:01:47+00:00","description":"FA.NI.TECH DOORS TECHNOLOGIES FOR AUTOMOTIVE S.R.L. produces in italy doors and windows for camper and motorhomes","breadcrumb":{"@id":"https:\/\/www.fanitech.com\/eng\/#breadcrumb"},"inLanguage":"en-US","potentialAction":[{"@type":"ReadAction","target":["https:\/\/www.fanitech.com\/eng\/"]}]},{"@type":"BreadcrumbList","@id":"https:\/\/www.fanitech.com\/eng\/#breadcrumb","itemListElement":[{"@type":"ListItem","position":1,"name":"Home","item":"https:\/\/www.fanitech.com\/eng\/"},{"@type":"ListItem","position":2,"name":"Home"}]}]}},"_links":{"self":[{"href":"https:\/\/www.fanitech.com\/eng\/wp-json\/wp\/v2\/pages\/1051"}],"collection":[{"href":"https:\/\/www.fanitech.com\/eng\/wp-json\/wp\/v2\/pages"}],"about":[{"href":"https:\/\/www.fanitech.com\/eng\/wp-json\/wp\/v2\/types\/page"}],"author":[{"embeddable":true,"href":"https:\/\/www.fanitech.com\/eng\/wp-json\/wp\/v2\/users\/1"}],"replies":[{"embeddable":true,"href":"https:\/\/www.fanitech.com\/eng\/wp-json\/wp\/v2\/comments?post=1051"}],"version-history":[{"count":6,"href":"https:\/\/www.fanitech.com\/eng\/wp-json\/wp\/v2\/pages\/1051\/revisions"}],"predecessor-version":[{"id":2357,"href":"https:\/\/www.fanitech.com\/eng\/wp-json\/wp\/v2\/pages\/1051\/revisions\/2357"}],"wp:attachment":[{"href":"https:\/\/www.fanitech.com\/eng\/wp-json\/wp\/v2\/media?parent=1051"}],"curies":[{"name":"wp","href":"https:\/\/api.w.org\/{rel}","templated":true}]}}