{"id":2054,"date":"2021-10-06T12:11:49","date_gmt":"2021-10-06T10:11:49","guid":{"rendered":"https:\/\/www.fanitech.com\/2021\/?page_id=2054"},"modified":"2022-01-25T07:37:41","modified_gmt":"2022-01-25T06:37:41","slug":"testimonianze","status":"publish","type":"page","link":"https:\/\/www.fanitech.com\/eng\/testimonianze\/","title":{"rendered":"Testimonials"},"content":{"rendered":"<p>[vc_row][vc_column][vc_column_text]<\/p>\n<blockquote><p>ditta seria e professionale, titolare molto disponibile e consegne del materiale rapide<\/p><\/blockquote>\n<p><strong>Giulia &#8211; 2M Service srl &#8211; info@2mservicesrl.it<\/strong>[\/vc_column_text][vc_separator css=&#8221;.vc_custom_1633666518999{padding-top: 20px !important;padding-bottom: 20px !important;}&#8221;][vc_column_text]<\/p>\n<blockquote><p>Ci serviamo da diversi anni per l\u2019acquisto di obl\u00f2 da montare sul tetto dei nostri veicoli. I prodotto sono sempre stati di ottima qualit\u00e0, consegnati nei tempi previsti e non abbiamo mai avuto problemi.<\/p><\/blockquote>\n<p><strong>Carrozzeria Luca Carlo &#8211; carloluc@carloluc.com<\/strong>[\/vc_column_text][vc_separator css=&#8221;.vc_custom_1633666518999{padding-top: 20px !important;padding-bottom: 20px !important;}&#8221;][vc_column_text]<\/p>\n<blockquote><p>Una collaborazione indispensabile grazie alla quale riusciamo da parte nostra a soddisfare in pieno le nostre esigenze per la realizzazione di prodotti su misura. Massima disponibilit\u00e0, puntualit\u00e0 e seriet\u00e0 solo altre componenti non trascurabili.<\/p><\/blockquote>\n<p><strong>Stefano Feci &#8211; Modulidea &#8211; info@modulidea.it<\/strong>[\/vc_column_text][\/vc_column][\/vc_row]<\/p>\n","protected":false},"excerpt":{"rendered":"<p>[vc_row][vc_column][vc_column_text] ditta seria e professionale, titolare molto disponibile e consegne del materiale rapide Giulia &#8211; 2M Service srl &#8211; info@2mservicesrl.it[\/vc_column_text][vc_separator css=&#8221;.vc_custom_1633666518999{padding-top: 20px !important;padding-bottom: 20px !important;}&#8221;][vc_column_text] Ci serviamo da diversi anni per l\u2019acquisto di obl\u00f2 da montare sul tetto dei nostri veicoli. I prodotto sono sempre stati di ottima qualit\u00e0, consegnati nei tempi previsti e non [&hellip;]<\/p>\n","protected":false},"author":1,"featured_media":2154,"parent":0,"menu_order":0,"comment_status":"closed","ping_status":"closed","template":"","meta":[],"yoast_head":"<!-- This site is optimized with the Yoast SEO plugin v18.0 - https:\/\/yoast.com\/wordpress\/plugins\/seo\/ -->\n<title>Testimonials - Fa.ni.tech English<\/title>\n<meta name=\"robots\" content=\"index, follow, max-snippet:-1, max-image-preview:large, max-video-preview:-1\" \/>\n<link rel=\"canonical\" href=\"https:\/\/www.fanitech.com\/eng\/testimonianze\/\" \/>\n<meta property=\"og:locale\" content=\"en_US\" \/>\n<meta property=\"og:type\" content=\"article\" \/>\n<meta property=\"og:title\" content=\"Testimonials - Fa.ni.tech English\" \/>\n<meta property=\"og:description\" content=\"[vc_row][vc_column][vc_column_text] ditta seria e professionale, titolare molto disponibile e consegne del materiale rapide Giulia &#8211; 2M Service srl &#8211; info@2mservicesrl.it[\/vc_column_text][vc_separator css=&#8221;.vc_custom_1633666518999{padding-top: 20px !important;padding-bottom: 20px !important;}&#8221;][vc_column_text] Ci serviamo da diversi anni per l\u2019acquisto di obl\u00f2 da montare sul tetto dei nostri veicoli. I prodotto sono sempre stati di ottima qualit\u00e0, consegnati nei tempi previsti e non [&hellip;]\" \/>\n<meta property=\"og:url\" content=\"https:\/\/www.fanitech.com\/eng\/testimonianze\/\" \/>\n<meta property=\"og:site_name\" content=\"Fa.ni.tech English\" \/>\n<meta property=\"article:modified_time\" content=\"2022-01-25T06:37:41+00:00\" \/>\n<meta property=\"og:image\" content=\"https:\/\/www.fanitech.com\/eng\/wp-content\/uploads\/sites\/2\/2021\/10\/barra.jpg\" \/>\n\t<meta property=\"og:image:width\" content=\"1920\" \/>\n\t<meta property=\"og:image:height\" content=\"441\" \/>\n\t<meta property=\"og:image:type\" content=\"image\/jpeg\" \/>\n<meta name=\"twitter:card\" content=\"summary_large_image\" \/>\n<meta name=\"twitter:label1\" content=\"Est. reading time\" \/>\n\t<meta name=\"twitter:data1\" content=\"1 minute\" \/>\n<script type=\"application\/ld+json\" class=\"yoast-schema-graph\">{\"@context\":\"https:\/\/schema.org\",\"@graph\":[{\"@type\":\"WebSite\",\"@id\":\"https:\/\/www.fanitech.com\/eng\/#website\",\"url\":\"https:\/\/www.fanitech.com\/eng\/\",\"name\":\"Fa.ni.tech English\",\"description\":\"doors technologies for automotive\",\"potentialAction\":[{\"@type\":\"SearchAction\",\"target\":{\"@type\":\"EntryPoint\",\"urlTemplate\":\"https:\/\/www.fanitech.com\/eng\/?s={search_term_string}\"},\"query-input\":\"required name=search_term_string\"}],\"inLanguage\":\"en-US\"},{\"@type\":\"ImageObject\",\"@id\":\"https:\/\/www.fanitech.com\/eng\/testimonianze\/#primaryimage\",\"inLanguage\":\"en-US\",\"url\":\"https:\/\/www.fanitech.com\/eng\/wp-content\/uploads\/sites\/2\/2021\/10\/barra.jpg\",\"contentUrl\":\"https:\/\/www.fanitech.com\/eng\/wp-content\/uploads\/sites\/2\/2021\/10\/barra.jpg\",\"width\":1920,\"height\":441},{\"@type\":\"WebPage\",\"@id\":\"https:\/\/www.fanitech.com\/eng\/testimonianze\/#webpage\",\"url\":\"https:\/\/www.fanitech.com\/eng\/testimonianze\/\",\"name\":\"Testimonials - Fa.ni.tech English\",\"isPartOf\":{\"@id\":\"https:\/\/www.fanitech.com\/eng\/#website\"},\"primaryImageOfPage\":{\"@id\":\"https:\/\/www.fanitech.com\/eng\/testimonianze\/#primaryimage\"},\"datePublished\":\"2021-10-06T10:11:49+00:00\",\"dateModified\":\"2022-01-25T06:37:41+00:00\",\"breadcrumb\":{\"@id\":\"https:\/\/www.fanitech.com\/eng\/testimonianze\/#breadcrumb\"},\"inLanguage\":\"en-US\",\"potentialAction\":[{\"@type\":\"ReadAction\",\"target\":[\"https:\/\/www.fanitech.com\/eng\/testimonianze\/\"]}]},{\"@type\":\"BreadcrumbList\",\"@id\":\"https:\/\/www.fanitech.com\/eng\/testimonianze\/#breadcrumb\",\"itemListElement\":[{\"@type\":\"ListItem\",\"position\":1,\"name\":\"Home\",\"item\":\"https:\/\/www.fanitech.com\/eng\/\"},{\"@type\":\"ListItem\",\"position\":2,\"name\":\"Testimonials\"}]}]}<\/script>\n<!-- \/ Yoast SEO plugin. -->","yoast_head_json":{"title":"Testimonials - Fa.ni.tech English","robots":{"index":"index","follow":"follow","max-snippet":"max-snippet:-1","max-image-preview":"max-image-preview:large","max-video-preview":"max-video-preview:-1"},"canonical":"https:\/\/www.fanitech.com\/eng\/testimonianze\/","og_locale":"en_US","og_type":"article","og_title":"Testimonials - Fa.ni.tech English","og_description":"[vc_row][vc_column][vc_column_text] ditta seria e professionale, titolare molto disponibile e consegne del materiale rapide Giulia &#8211; 2M Service srl &#8211; info@2mservicesrl.it[\/vc_column_text][vc_separator css=&#8221;.vc_custom_1633666518999{padding-top: 20px !important;padding-bottom: 20px !important;}&#8221;][vc_column_text] Ci serviamo da diversi anni per l\u2019acquisto di obl\u00f2 da montare sul tetto dei nostri veicoli. I prodotto sono sempre stati di ottima qualit\u00e0, consegnati nei tempi previsti e non [&hellip;]","og_url":"https:\/\/www.fanitech.com\/eng\/testimonianze\/","og_site_name":"Fa.ni.tech English","article_modified_time":"2022-01-25T06:37:41+00:00","og_image":[{"width":1920,"height":441,"url":"https:\/\/www.fanitech.com\/eng\/wp-content\/uploads\/sites\/2\/2021\/10\/barra.jpg","type":"image\/jpeg"}],"twitter_card":"summary_large_image","twitter_misc":{"Est. reading time":"1 minute"},"schema":{"@context":"https:\/\/schema.org","@graph":[{"@type":"WebSite","@id":"https:\/\/www.fanitech.com\/eng\/#website","url":"https:\/\/www.fanitech.com\/eng\/","name":"Fa.ni.tech English","description":"doors technologies for automotive","potentialAction":[{"@type":"SearchAction","target":{"@type":"EntryPoint","urlTemplate":"https:\/\/www.fanitech.com\/eng\/?s={search_term_string}"},"query-input":"required name=search_term_string"}],"inLanguage":"en-US"},{"@type":"ImageObject","@id":"https:\/\/www.fanitech.com\/eng\/testimonianze\/#primaryimage","inLanguage":"en-US","url":"https:\/\/www.fanitech.com\/eng\/wp-content\/uploads\/sites\/2\/2021\/10\/barra.jpg","contentUrl":"https:\/\/www.fanitech.com\/eng\/wp-content\/uploads\/sites\/2\/2021\/10\/barra.jpg","width":1920,"height":441},{"@type":"WebPage","@id":"https:\/\/www.fanitech.com\/eng\/testimonianze\/#webpage","url":"https:\/\/www.fanitech.com\/eng\/testimonianze\/","name":"Testimonials - Fa.ni.tech English","isPartOf":{"@id":"https:\/\/www.fanitech.com\/eng\/#website"},"primaryImageOfPage":{"@id":"https:\/\/www.fanitech.com\/eng\/testimonianze\/#primaryimage"},"datePublished":"2021-10-06T10:11:49+00:00","dateModified":"2022-01-25T06:37:41+00:00","breadcrumb":{"@id":"https:\/\/www.fanitech.com\/eng\/testimonianze\/#breadcrumb"},"inLanguage":"en-US","potentialAction":[{"@type":"ReadAction","target":["https:\/\/www.fanitech.com\/eng\/testimonianze\/"]}]},{"@type":"BreadcrumbList","@id":"https:\/\/www.fanitech.com\/eng\/testimonianze\/#breadcrumb","itemListElement":[{"@type":"ListItem","position":1,"name":"Home","item":"https:\/\/www.fanitech.com\/eng\/"},{"@type":"ListItem","position":2,"name":"Testimonials"}]}]}},"_links":{"self":[{"href":"https:\/\/www.fanitech.com\/eng\/wp-json\/wp\/v2\/pages\/2054"}],"collection":[{"href":"https:\/\/www.fanitech.com\/eng\/wp-json\/wp\/v2\/pages"}],"about":[{"href":"https:\/\/www.fanitech.com\/eng\/wp-json\/wp\/v2\/types\/page"}],"author":[{"embeddable":true,"href":"https:\/\/www.fanitech.com\/eng\/wp-json\/wp\/v2\/users\/1"}],"replies":[{"embeddable":true,"href":"https:\/\/www.fanitech.com\/eng\/wp-json\/wp\/v2\/comments?post=2054"}],"version-history":[{"count":1,"href":"https:\/\/www.fanitech.com\/eng\/wp-json\/wp\/v2\/pages\/2054\/revisions"}],"predecessor-version":[{"id":2332,"href":"https:\/\/www.fanitech.com\/eng\/wp-json\/wp\/v2\/pages\/2054\/revisions\/2332"}],"wp:featuredmedia":[{"embeddable":true,"href":"https:\/\/www.fanitech.com\/eng\/wp-json\/wp\/v2\/media\/2154"}],"wp:attachment":[{"href":"https:\/\/www.fanitech.com\/eng\/wp-json\/wp\/v2\/media?parent=2054"}],"curies":[{"name":"wp","href":"https:\/\/api.w.org\/{rel}","templated":true}]}}